{"id":1436,"date":"2025-01-02T08:05:38","date_gmt":"2025-01-02T08:05:38","guid":{"rendered":"https:\/\/tarotcaridaddelcobre.com\/?page_id=1436"},"modified":"2025-10-01T19:03:30","modified_gmt":"2025-10-01T19:03:30","slug":"carlota-la-dama-del-tarot","status":"publish","type":"page","link":"https:\/\/tarotcaridaddelcobre.com\/index.php\/carlota-la-dama-del-tarot\/","title":{"rendered":"Carlota la Dama del Tarot"},"content":{"rendered":"<div data-colibri-id=\"1436-c1\" class=\"style-1259 style-local-1436-c1 position-relative\">\n  <!---->\n  <div data-colibri-component=\"section\" data-colibri-id=\"1436-c2\" id=\"about\" class=\"h-section h-section-global-spacing d-flex align-items-lg-center align-items-md-center align-items-center style-1264 style-local-1436-c2 position-relative\">\n    <!---->\n    <!---->\n    <div class=\"h-section-grid-container h-section-boxed-container\">\n      <!---->\n      <div data-colibri-id=\"1436-c3\" class=\"h-row-container gutters-row-lg-0 gutters-row-md-0 gutters-row-0 gutters-row-v-lg-0 gutters-row-v-md-0 gutters-row-v-0 style-1265 style-local-1436-c3 position-relative\">\n        <!---->\n        <div class=\"h-row justify-content-lg-center justify-content-md-center justify-content-center align-items-lg-stretch align-items-md-stretch align-items-stretch gutters-col-lg-0 gutters-col-md-0 gutters-col-0 gutters-col-v-lg-0 gutters-col-v-md-0 gutters-col-v-0\">\n          <!---->\n          <div class=\"h-column h-column-container d-flex h-col-lg-auto h-col-md-auto h-col-auto style-1266-outer style-local-1436-c4-outer\">\n            <div data-colibri-id=\"1436-c4\" class=\"d-flex h-flex-basis h-column__inner h-ui-empty-state-container h-px-lg-0 h-px-md-0 h-px-0 v-inner-lg-0 v-inner-md-0 v-inner-0 style-1266 style-local-1436-c4 position-relative\">\n              <!---->\n              <!---->\n              <div class=\"w-100 h-y-container h-column__content h-column__v-align flex-basis-100\">\n                <!---->\n              <\/div>\n            <\/div>\n          <\/div>\n          <div class=\"h-column h-column-container d-flex h-col-lg-auto h-col-md-auto h-col-auto style-1267-outer style-local-1436-c5-outer\">\n            <div data-colibri-id=\"1436-c5\" class=\"d-flex h-flex-basis h-column__inner h-px-lg-2 h-px-md-2 h-px-2 v-inner-lg-2 v-inner-md-2 v-inner-2 style-1267 style-local-1436-c5 position-relative\">\n              <!---->\n              <!---->\n              <div class=\"w-100 h-y-container h-column__content h-column__v-align flex-basis-100 align-self-lg-start align-self-md-start align-self-start\">\n                <!---->\n                <div data-colibri-id=\"1436-c6\" class=\"h-global-transition-all h-heading style-1269 style-local-1436-c6 position-relative h-element\">\n                  <!---->\n                  <div class=\"h-heading__outer style-1269 style-local-1436-c6\">\n                    <!---->\n                    <!---->\n                    <h2 class=\"\">Carlota, la Tarotista. Una Puerta a lo Desconocido<\/h2>\n                  <\/div>\n                <\/div>\n                <div data-colibri-id=\"1436-c7\" class=\"h-text h-text-component style-1270 style-local-1436-c7 position-relative h-element\">\n                  <!---->\n                  <!---->\n                  <div class=\"\">\n                    <p>Mi esencia no solo radica en mis habilidades para leer las cartas, sino en la singular conexi\u00f3n que establece con quienes la buscan, haci\u00e9ndome una figura cautivadora en el mundo esot\u00e9rico.<\/p>\n                    <p>A primera vista, yo podr\u00eda parecer una mujer com\u00fan. De estatura media y cabello largo, siempre recogido en un mo\u00f1o desordenado, mi presencia irradia una calma que invita a la introspecci\u00f3n.<\/p>\n                    <p>Sin embargo, no hay nada ordinario en la sabidur\u00eda que comparto.<\/p>\n                    <p>Desde joven, he dedicado mi vida a estudiar el tarot, convirti\u00e9ndome en una experta en interpretar los arcanos, esas cartas que, m\u00e1s que meros naipes, son una representaci\u00f3n simb\u00f3lica de vivencias, sue\u00f1os y misterios ocultos en nuestra\n                      existencia.<\/p>\n                  <\/div>\n                <\/div>\n              <\/div>\n            <\/div>\n          <\/div>\n        <\/div>\n      <\/div>\n    <\/div>\n  <\/div>\n  <div data-colibri-component=\"section\" data-colibri-id=\"1436-c8\" id=\"custom\" class=\"h-section h-section-global-spacing d-flex align-items-lg-center align-items-md-center align-items-center style-1271 style-local-1436-c8 position-relative\">\n    <!---->\n    <!---->\n    <div class=\"h-section-grid-container h-section-boxed-container\">\n      <!---->\n      <div data-colibri-id=\"1436-c9\" class=\"h-row-container gutters-row-lg-2 gutters-row-md-2 gutters-row-0 gutters-row-v-lg-2 gutters-row-v-md-2 gutters-row-v-2 style-1277 style-local-1436-c9 position-relative\">\n        <!---->\n        <div class=\"h-row justify-content-lg-center justify-content-md-center justify-content-center align-items-lg-stretch align-items-md-stretch align-items-stretch gutters-col-lg-2 gutters-col-md-2 gutters-col-0 gutters-col-v-lg-2 gutters-col-v-md-2 gutters-col-v-2\">\n          <!---->\n          <div class=\"h-column h-column-container d-flex h-col-lg-auto h-col-md-auto h-col-auto style-1278-outer style-local-1436-c10-outer\">\n            <div data-colibri-id=\"1436-c10\" class=\"d-flex h-flex-basis h-column__inner h-px-lg-2 h-px-md-2 h-px-2 v-inner-lg-2 v-inner-md-2 v-inner-2 style-1278 style-local-1436-c10 position-relative\">\n              <!---->\n              <!---->\n              <div class=\"w-100 h-y-container h-column__content h-column__v-align flex-basis-100 align-self-lg-start align-self-md-start align-self-start\">\n                <!---->\n                <div data-colibri-id=\"1436-c11\" class=\"h-text h-text-component style-1274 style-local-1436-c11 position-relative h-element\">\n                  <!---->\n                  <!---->\n                  <div class=\"\">\n                    <p>El tarot, a menudo malinterpretado como un mero entretenimiento o simples predicciones de futuro, para mi es una herramienta de autoconocimiento y an\u00e1lisis profundo.<\/p>\n                    <p>Cada lectura que realizo no solo busco respuestas a preguntas ver\u00eddicas, sino que tambi\u00e9n proporciono un espacio para la reflexi\u00f3n personal.<\/p>\n                    <p>A medida que el consultante expone sus inquietudes, establezco un di\u00e1logo honesto y sincero, creando un ambiente de confianza que permite explorar incluso los temores m\u00e1s profundos.<\/p>\n                    <p>Su proceso comienza con la elecci\u00f3n de las cartas.<\/p>\n                    <p>Bajo la luz tenue de su estudio, cada carta es extra\u00edda con delicadeza, como si deseara no perturbar el tejido del destino.<\/p>\n                    <p>Con una mirada atenta y serena, observo, analiza y narro las historias escondidas en cada arcano. El Mago, la Emperatriz y la Muerte, por nombrar algunos, cobran vida a trav\u00e9s de sus palabras, revelando conexiones entre el pasado,\n                      presente y futuro del consultante.<\/p>\n                    <p>A menudo, mis clientes se sorprenden al descubrir que lo que inicialmente parec\u00eda ser una b\u00fasqueda de respuestas externas, se convierte en un viaje interno hacia la autoaceptaci\u00f3n y el entendimiento.<\/p>\n                    <p>Uno de los aspectos m\u00e1s cautivadores para mis clientes es mi capacidad para hacer sentir a cada persona \u00fanica e importante durante la lectura.<\/p>\n                    <p>Soy una maestra del arte de escuchar; mi atenci\u00f3n plena permite que aquellos que llegan a mi se sientan valorados, fomentando un espacio seguro donde el miedo y la vulnerabilidad pueden coexistir con la esperanza y la posibilidad de\n                      cambio.<\/p>\n                    <p>Este enfoque humaniza la experiencia del tarot, alej\u00e1ndola de la frialdad de un mero servicio y acerc\u00e1ndola a la calidez de una conversaci\u00f3n con una amiga sabia.<\/p>\n                    <p>Los testimonios de quienes han visitado \u201cEl Refugio del Tarot\u201d son numerosos y variados.<\/p>\n                    <p>Muchos relatan c\u00f3mo mis lecturas les han brindado claridad en momentos de confusi\u00f3n, mientras que otros destacan mi habilidad para guiarles en decisiones dif\u00edciles, proporcionando una visi\u00f3n que quiz\u00e1s no hab\u00edan considerado.<\/p>\n                    <p>Hay quienes, despu\u00e9s de una sesi\u00f3n, sienten una renovada energ\u00eda, como si hubieran liberado cargas que llevaban durante a\u00f1os.<\/p>\n                    <p>En cada una de estas experiencias, dejo una marca imborrable, no solo a trav\u00e9s de mis interpretaciones, sino porque entiende que cada carta tiene el poder de tocar corazones y transformar vidas.<\/p>\n                    <p>Sin embargo, a pesar de mi \u00e9xito, mantengo los pies en la tierra. Con humildad, reconozco que el tarot no es un camino infalible ni una soluci\u00f3n m\u00e1gica a todos los problemas.<\/p>\n                    <p>M\u00e1s bien lo presento como una br\u00fajula que puede ayudar a mis clientes a navegar las complejas aguas de la vida. Esta perspectiva equilibrada me convierte en una gu\u00eda confiable, alejada de los clich\u00e9s que a menudo rodean a los tarotistas.<\/p>\n                    <p>A lo largo de los a\u00f1os, he visto pasar por mi consulta a personas de diversas procedencias, uniendo sus destinos a trav\u00e9s de las cartas. La diversidad de experiencias y emociones que comparto con ellos enriquece mi propia existencia.<\/p>\n                    <p>Para mi, cada lectura es una lecci\u00f3n, cada historia es un recordatorio de que la vida es un viaje compartido, lleno de interconexiones que trascienden lo individual.<\/p>\n                    <p>En conclusi\u00f3n, no soy simplemente una tarotista; soy un puente entre lo consciente y lo inconsciente, entre el miedo y la esperanza.<\/p>\n                    <p>A trav\u00e9s de mi labor, invito a los dem\u00e1s a mirar m\u00e1s all\u00e1 de s\u00ed mismos y a considerar las infinitas posibilidades que la vida ofrece.<\/p>\n                    <p>En \u201cEl Refugio del Tarot\u201d, cada carta revela no solo el destino, sino tambi\u00e9n el potencial de transformaci\u00f3n personal.<\/p>\n                    <p>Contin\u00fao tejiendo el hilo de su historia, un hilo que conecta corazones y despierta almas. <\/p>\n                    <p>Mi legado ser\u00e1, sin duda, un testimonio de la poderosa influencia que el tarot puede ejercer en la b\u00fasqueda de la verdad interior.<\/p>\n                  <\/div>\n                <\/div>\n              <\/div>\n            <\/div>\n          <\/div>\n        <\/div>\n      <\/div>\n    <\/div>\n  <\/div>\n<\/div>","protected":false},"excerpt":{"rendered":"<p>Carlota, la Tarotista. Una Puerta a lo Desconocido Mi esencia no solo radica en mis habilidades para leer las cartas, sino en la singular conexi\u00f3n que establece con quienes la buscan, haci\u00e9ndome una figura cautivadora en el mundo esot\u00e9rico. A primera vista, yo podr\u00eda parecer una mujer com\u00fan. De estatura media y cabello largo, siempre [&hellip;]<\/p>\n","protected":false},"author":1,"featured_media":0,"parent":0,"menu_order":0,"comment_status":"closed","ping_status":"closed","template":"page-templates\/full-width-page.php","meta":{"footnotes":""},"class_list":["post-1436","page","type-page","status-publish","hentry"],"_links":{"self":[{"href":"https:\/\/tarotcaridaddelcobre.com\/index.php\/wp-json\/wp\/v2\/pages\/1436","targetHints":{"allow":["GET"]}}],"collection":[{"href":"https:\/\/tarotcaridaddelcobre.com\/index.php\/wp-json\/wp\/v2\/pages"}],"about":[{"href":"https:\/\/tarotcaridaddelcobre.com\/index.php\/wp-json\/wp\/v2\/types\/page"}],"author":[{"embeddable":true,"href":"https:\/\/tarotcaridaddelcobre.com\/index.php\/wp-json\/wp\/v2\/users\/1"}],"replies":[{"embeddable":true,"href":"https:\/\/tarotcaridaddelcobre.com\/index.php\/wp-json\/wp\/v2\/comments?post=1436"}],"version-history":[{"count":0,"href":"https:\/\/tarotcaridaddelcobre.com\/index.php\/wp-json\/wp\/v2\/pages\/1436\/revisions"}],"wp:attachment":[{"href":"https:\/\/tarotcaridaddelcobre.com\/index.php\/wp-json\/wp\/v2\/media?parent=1436"}],"curies":[{"name":"wp","href":"https:\/\/api.w.org\/{rel}","templated":true}]}}