{"id":314,"date":"2024-12-29T10:13:32","date_gmt":"2024-12-29T10:13:32","guid":{"rendered":"https:\/\/tarotcaridaddelcobre.com\/?page_id=314"},"modified":"2025-10-01T09:14:28","modified_gmt":"2025-10-01T09:14:28","slug":"politica-de-privacidad","status":"publish","type":"page","link":"https:\/\/tarotcaridaddelcobre.com\/index.php\/politica-de-privacidad\/","title":{"rendered":"Pol\u00edtica de Privacidad"},"content":{"rendered":"\n<h4 class=\"wp-block-heading\">Protecci\u00f3n de Datos<\/h4>\n\n\n\n<h4 class=\"wp-block-heading\" id=\"identificaci\u00f3n-y-titularidad\">Identificaci\u00f3n y Titularidad<\/h4>\n\n\n\n<p>Este sitio Web est\u00e1 bajo el Reglamento Europeo de Protecci\u00f3n de Datos (RGPD) y a la reciente Ley Org\u00e1nica 3\/2018, de 5 de diciembre, de Protecci\u00f3n de Datos Personales y garant\u00eda de los derechos digitales.<\/p>\n\n\n\n<ul class=\"wp-block-list\">\n<li>Titular:\u00a0Sonia Soto Cortes<\/li>\n\n\n\n<li>NIF:\u00a0\u00a053285795Q<\/li>\n\n\n\n<li>Domicilio:\u00a0Cam\u00ed Vell de Sant Celoni 60 casa, C.P 08460, Santa Mar\u00eda Palautordera &#8211; Barcelona<\/li>\n\n\n\n<li>Correo electr\u00f3nico: <a href=\"mailto:info@tarotcaridaddelcobre.com\">info@tarotcaridaddelcobre.com<\/a><\/li>\n\n\n\n<li>Sitio Web: <a href=\"https:\/\/tarotcaridaddelcobre.com\/\">https:\/\/tarotcaridaddelcobre.com\/<\/a><\/li>\n<\/ul>\n\n\n\n<h4 class=\"wp-block-heading\">Finalidad del tratamiento de datos<\/h4>\n\n\n\n<p>Este apartado contiene, de forma general, un conjunto de menciones o referencias legales que servir\u00e1n para regular las condiciones en las que los usuarios de Internet acceden, navegan y utilizan el sitio o p\u00e1gina web.<br>Tambi\u00e9n comprende los derechos, obligaciones y responsabilidades a los que las partes quedan sometidas rec\u00edprocamente durante el acceso, navegaci\u00f3n y uso del sitio web.<br>En\u00a0<strong>Tarot Caridad del Cobre <\/strong>tratamos los datos que nos facilitas para las siguientes finalidades:<br>Realizar una correcta gesti\u00f3n del alta dentro de nuestra plataforma\u00a0<strong><strong><strong>Tarot Caridad del Cobre<\/strong><\/strong><\/strong>.<\/p>\n\n\n\n<h4 class=\"wp-block-heading\">\u00bfPor cu\u00e1nto tiempo conservaremos tus datos?<\/h4>\n\n\n\n<p>Si eres un usuario, tus datos ser\u00e1n conservados mientras dure la relaci\u00f3n contractual y comercial con nosotros, mientras no solicites su supresi\u00f3n inmediata, as\u00ed como el tiempo necesario para cumplir las obligaciones legales.<br>Si eres profesional durante el tiempo que tenga de duraci\u00f3n el contrato entre\u00a0<strong><strong><strong>Tarot Caridad del Cobre<\/strong><\/strong>\u00a0<\/strong>y t\u00fa.<br>En todo caso, conservaremos tus datos durante el tiempo necesario para cumplir las obligaciones legales.<br>Independientemente de si eres un anunciante o un usuario, conservaremos tus datos de navegaci\u00f3n durante un plazo m\u00e1ximo de 12 meses.<\/p>\n\n\n\n<h4 class=\"wp-block-heading\">\u00bfA qu\u00e9 destinatarios se comunicar\u00e1n tus datos? Protecci\u00f3n Datos<\/h4>\n\n\n\n<p>Tus datos personales ser\u00e1n comunicados a terceros en los siguientes supuestos:<br>Tus datos personales podr\u00e1n ser cedidos a las autoridades competentes en los casos que exista una obligaci\u00f3n legal.<\/p>\n\n\n\n<h4 class=\"wp-block-heading\">\u00bfCu\u00e1les son tus derechos cuando nos facilitas tus datos y c\u00f3mo puedes ejercerlos? Protecci\u00f3n de Datos<\/h4>\n\n\n\n<p>Tienes derecho a obtener confirmaci\u00f3n sobre si en\u00a0<strong><strong><strong>Tarot Caridad del Cobre<\/strong><\/strong>\u00a0<\/strong>estamos tratando datos personales que te conciernan, o no.<br>Tienes derecho a acceder a tus datos personales, as\u00ed como a solicitar la rectificaci\u00f3n de los datos inexactos o solicitar su supresi\u00f3n cuando, entre otros motivos, los datos ya no sean necesarios para los fines que fueron recogidos.<br>En determinadas circunstancias, podr\u00e1s solicitar la limitaci\u00f3n del tratamiento de tus datos, en cuyo caso \u00fanicamente los conservaremos para el ejercicio o la defensa de reclamaciones.<\/p>\n\n\n\n<p>Adicionalmente, en determinadas circunstancias y por motivos relacionados con tu situaci\u00f3n particular, podr\u00e1s oponerte al tratamiento de tus datos.\u00a0<strong><strong><strong>Tarot Caridad del Cobre<\/strong><\/strong><\/strong>\u00a0dejar\u00e1 de tratar los datos, salvo por motivos leg\u00edtimos imperiosos, o el ejercicio o la defensa de posibles reclamaciones. Asimismo, puedes ejercer el derecho a la portabilidad de los datos, as\u00ed como retirar los consentimientos facilitados en cualquier momento.<\/p>\n\n\n\n<p>Sin que ello afecte a la licitud del tratamiento basado en el consentimiento previo a su retirada. En tanto en cuanto los datos del usuario son objeto de tratamiento por parte de\u00a0<strong><strong><strong>Tarot Caridad del Cobre<\/strong><\/strong><\/strong>. Los usuarios podr\u00e1n ejercer los derechos de acceso, rectificaci\u00f3n, cancelaci\u00f3n y oposici\u00f3n de acuerdo con lo previsto en la normativa legal vigente en materia de protecci\u00f3n de datos<br>personales. Para hacer uso del ejercicio de estos derechos, el usuario deber\u00e1 dirigirse mediante comunicaci\u00f3n escrita, aportando documentaci\u00f3n que acredite su identidad (DNI o pasaporte), a la siguiente direcci\u00f3n: Sonia Soto Cortes,\u00a0Cam\u00ed Vell de Sant Celoni 60 casa, C.P 08460, Santa Mar\u00eda Palautordera &#8211; Barcelona, Tarot Caridad del Cobre.<\/p>\n","protected":false},"excerpt":{"rendered":"<p>Protecci\u00f3n de Datos Identificaci\u00f3n y Titularidad Este sitio Web est\u00e1 bajo el Reglamento Europeo de Protecci\u00f3n de Datos (RGPD) y a la reciente Ley Org\u00e1nica 3\/2018, de 5 de diciembre, de Protecci\u00f3n de Datos Personales y garant\u00eda de los derechos digitales. Finalidad del tratamiento de datos Este apartado contiene, de forma general, un conjunto de [&hellip;]<\/p>\n","protected":false},"author":1,"featured_media":0,"parent":0,"menu_order":0,"comment_status":"closed","ping_status":"closed","template":"","meta":{"footnotes":""},"class_list":["post-314","page","type-page","status-publish","hentry"],"_links":{"self":[{"href":"https:\/\/tarotcaridaddelcobre.com\/index.php\/wp-json\/wp\/v2\/pages\/314","targetHints":{"allow":["GET"]}}],"collection":[{"href":"https:\/\/tarotcaridaddelcobre.com\/index.php\/wp-json\/wp\/v2\/pages"}],"about":[{"href":"https:\/\/tarotcaridaddelcobre.com\/index.php\/wp-json\/wp\/v2\/types\/page"}],"author":[{"embeddable":true,"href":"https:\/\/tarotcaridaddelcobre.com\/index.php\/wp-json\/wp\/v2\/users\/1"}],"replies":[{"embeddable":true,"href":"https:\/\/tarotcaridaddelcobre.com\/index.php\/wp-json\/wp\/v2\/comments?post=314"}],"version-history":[{"count":0,"href":"https:\/\/tarotcaridaddelcobre.com\/index.php\/wp-json\/wp\/v2\/pages\/314\/revisions"}],"wp:attachment":[{"href":"https:\/\/tarotcaridaddelcobre.com\/index.php\/wp-json\/wp\/v2\/media?parent=314"}],"curies":[{"name":"wp","href":"https:\/\/api.w.org\/{rel}","templated":true}]}}