{"id":3728,"date":"2025-10-02T06:53:52","date_gmt":"2025-10-02T06:53:52","guid":{"rendered":"https:\/\/tarotcaridaddelcobre.com\/?page_id=3728"},"modified":"2025-10-02T08:13:16","modified_gmt":"2025-10-02T08:13:16","slug":"virgen-caridad-del-cobre","status":"publish","type":"page","link":"https:\/\/tarotcaridaddelcobre.com\/index.php\/virgen-caridad-del-cobre\/","title":{"rendered":"Virgen Caridad del Cobre"},"content":{"rendered":"<div data-colibri-id=\"3728-c1\" class=\"style-1484 style-local-3728-c1 position-relative\">\n  <!---->\n  <div data-colibri-component=\"section\" data-colibri-id=\"3728-c2\" id=\"about\" class=\"h-section h-section-global-spacing d-flex align-items-lg-center align-items-md-center align-items-center style-1485 style-local-3728-c2 position-relative\">\n    <!---->\n    <!---->\n    <div class=\"h-section-grid-container h-section-boxed-container\">\n      <!---->\n      <div data-colibri-id=\"3728-c3\" class=\"h-row-container gutters-row-lg-0 gutters-row-md-0 gutters-row-0 gutters-row-v-lg-0 gutters-row-v-md-0 gutters-row-v-0 style-1486 style-local-3728-c3 position-relative\">\n        <!---->\n        <div class=\"h-row justify-content-lg-center justify-content-md-center justify-content-center align-items-lg-stretch align-items-md-stretch align-items-stretch gutters-col-lg-0 gutters-col-md-0 gutters-col-0 gutters-col-v-lg-0 gutters-col-v-md-0 gutters-col-v-0\">\n          <!---->\n          <div class=\"h-column h-column-container d-flex h-col-lg-auto h-col-md-auto h-col-auto style-1487-outer style-local-3728-c4-outer\">\n            <div data-colibri-id=\"3728-c4\" class=\"d-flex h-flex-basis h-column__inner h-ui-empty-state-container h-px-lg-0 h-px-md-0 h-px-0 v-inner-lg-0 v-inner-md-0 v-inner-0 style-1487 style-local-3728-c4 position-relative\">\n              <!---->\n              <!---->\n              <div class=\"w-100 h-y-container h-column__content h-column__v-align flex-basis-100\">\n                <!---->\n              <\/div>\n            <\/div>\n          <\/div>\n          <div class=\"h-column h-column-container d-flex h-col-lg-auto h-col-md-auto h-col-auto style-1488-outer style-local-3728-c5-outer\">\n            <div data-colibri-id=\"3728-c5\" class=\"d-flex h-flex-basis h-column__inner h-px-lg-2 h-px-md-2 h-px-2 v-inner-lg-2 v-inner-md-2 v-inner-2 style-1488 style-local-3728-c5 position-relative\">\n              <!---->\n              <!---->\n              <div class=\"w-100 h-y-container h-column__content h-column__v-align flex-basis-100 align-self-lg-start align-self-md-start align-self-start\">\n                <!---->\n                <div data-colibri-id=\"3728-c6\" class=\"h-global-transition-all h-heading style-1489 style-local-3728-c6 position-relative h-element\">\n                  <!---->\n                  <div class=\"h-heading__outer style-1489 style-local-3728-c6\">\n                    <!---->\n                    <!---->\n                    <h2 class=\"\"><span style=\"color: rgb(0, 10, 14); font-family: Adamina;\">La Virgen de la Caridad del Cobre\ufeff<\/span><\/h2>\n                  <\/div>\n                <\/div>\n                <div data-colibri-id=\"3728-c7\" class=\"h-global-transition-all h-heading style-1490 style-local-3728-c7 position-relative h-element\">\n                  <!---->\n                  <div class=\"h-heading__outer style-1490 style-local-3728-c7\">\n                    <!---->\n                    <!---->\n                    <h2 class=\"\">S\u00edmbolo de fe e identidad cubana<\/h2>\n                  <\/div>\n                <\/div>\n                <div data-colibri-id=\"3728-c8\" class=\"h-text h-text-component style-1491 style-local-3728-c8 position-relative h-element\">\n                  <!---->\n                  <!---->\n                  <div class=\"\">\n                    <p><span style=\"font-family: Adamina; color: rgb(0, 7, 9);\">La Virgen de la Caridad del Cobre, cari\u00f1osamente llamada \u201cCachita\u201d, es una de las advocaciones marianas m\u00e1s queridas en Am\u00e9rica Latina y el coraz\u00f3n espiritual de Cuba. Su historia, marcada por la devoci\u00f3n popular, el sincretismo cultural y el sentimiento nacional, la ha convertido en un s\u00edmbolo que trasciende lo religioso para fundirse con la identidad del pueblo cubano.<\/span><\/p>\n                    <h4><span style=\"font-family: Adamina; color: rgb(0, 8, 10);\">El origen de una devoci\u00f3n<\/span><\/h4>\n                    <p><span style=\"font-family: Adamina; color: rgb(0, 8, 10);\">La tradici\u00f3n cuenta que a inicios del siglo XVII tres muchachos \u2014dos ind\u00edgenas, Juan y Rodrigo de Hoyos, y un ni\u00f1o esclavizado, Juan Moreno\u2014 navegaban en la bah\u00eda de Nipe en busca de sal cuando encontraron flotando sobre las aguas una peque\u00f1a imagen de la Virgen con el Ni\u00f1o Jes\u00fas en brazos. Milagrosamente, la talla estaba seca, y sobre una tablilla pod\u00eda leerse: <\/span>\n                      <em\n                        style=\"font-family: Adamina; color: rgb(0, 8, 10);\">\u201cYo soy la Virgen de la Caridad\u201d<\/em><span style=\"font-family: Adamina; color: rgb(0, 8, 10);\">.<\/span><\/p>\n                    <p><span style=\"font-family: Adamina; color: rgb(0, 8, 10);\">Este hallazgo marc\u00f3 el inicio de una devoci\u00f3n que r\u00e1pidamente se extendi\u00f3 por toda la isla, arraig\u00e1ndose con fuerza entre campesinos, marineros y familias humildes.<\/span><\/p>\n                  <\/div>\n                <\/div>\n              <\/div>\n            <\/div>\n          <\/div>\n        <\/div>\n      <\/div>\n    <\/div>\n  <\/div>\n  <div data-colibri-component=\"section\" data-colibri-id=\"3728-c9\" id=\"about-3\" class=\"h-section h-section-global-spacing d-flex align-items-lg-center align-items-md-center align-items-center style-1499 style-local-3728-c9 position-relative\">\n    <!---->\n    <!---->\n    <div class=\"h-section-grid-container h-section-boxed-container\">\n      <!---->\n      <div data-colibri-id=\"3728-c10\" class=\"h-row-container gutters-row-lg-0 gutters-row-md-0 gutters-row-0 gutters-row-v-lg-0 gutters-row-v-md-0 gutters-row-v-0 style-1500 style-local-3728-c10 position-relative\">\n        <!---->\n        <div class=\"h-row justify-content-lg-center justify-content-md-center justify-content-center align-items-lg-stretch align-items-md-stretch align-items-stretch gutters-col-lg-0 gutters-col-md-0 gutters-col-0 gutters-col-v-lg-0 gutters-col-v-md-0 gutters-col-v-0\">\n          <!---->\n          <div class=\"h-column h-column-container d-flex h-col-lg-auto h-col-md-auto h-col-auto style-1502-outer style-local-3728-c12-outer\">\n            <div data-colibri-id=\"3728-c12\" class=\"d-flex h-flex-basis h-column__inner h-ui-empty-state-container h-px-lg-2 h-px-md-2 h-px-0 v-inner-lg-2 v-inner-md-2 v-inner-0 style-1502 style-local-3728-c12 position-relative\">\n              <!---->\n              <!---->\n              <div class=\"w-100 h-y-container h-column__content h-column__v-align flex-basis-100\">\n                <!---->\n              <\/div>\n            <\/div>\n          <\/div>\n          <div class=\"h-column h-column-container d-flex h-col-lg-auto h-col-md-auto h-col-auto style-1503-outer style-local-3728-c13-outer\">\n            <div data-colibri-id=\"3728-c13\" class=\"d-flex h-flex-basis h-column__inner h-px-lg-3 h-px-md-3 h-px-3 v-inner-lg-3 v-inner-md-3 v-inner-3 style-1503 style-local-3728-c13 position-relative\">\n              <!---->\n              <!---->\n              <div class=\"w-100 h-y-container h-column__content h-column__v-align flex-basis-100 align-self-lg-center align-self-md-center align-self-center\">\n                <!---->\n                <div data-colibri-id=\"3728-c14\" class=\"h-global-transition-all h-heading style-1504 style-local-3728-c14 position-relative h-element\">\n                  <!---->\n                  <div class=\"h-heading__outer style-1504 style-local-3728-c14\">\n                    <!---->\n                    <!---->\n                    <h2 class=\"\">El Santuario de El Cobre<\/h2>\n                  <\/div>\n                <\/div>\n                <div data-colibri-id=\"3728-c15\" class=\"h-text h-text-component style-1505 style-local-3728-c15 position-relative h-element\">\n                  <!---->\n                  <!---->\n                  <div class=\"\">\n                    <p><span style=\"color: rgb(0, 10, 14); font-family: Adamina;\">La imagen fue trasladada al poblado de El Cobre, en Santiago de Cuba, lugar donde se explotaban minas de cobre trabajadas por ind\u00edgenas y africanos esclavizados. All\u00ed se levant\u00f3 un santuario que, con el tiempo, se convirti\u00f3 en centro de peregrinaci\u00f3n nacional.<\/span><\/p>\n                  <\/div>\n                <\/div>\n                <div data-colibri-id=\"3728-c16\" class=\"h-x-container style-1506 style-local-3728-c16 position-relative h-element\">\n                  <!---->\n                  <div class=\"h-x-container-inner style-dynamic-3728-c16-group style-1506-spacing style-local-3728-c16-spacing\"><span class=\"h-button__outer style-1507-outer style-local-3728-c17-outer d-inline-flex h-element\"><a h-use-smooth-scroll=\"true\" href=\"\"  data-colibri-id=\"3728-c17\" class=\"d-flex w-100 align-items-center h-button justify-content-lg-center justify-content-md-center justify-content-center style-1507 style-local-3728-c17 position-relative\"><!----><!----> <span>Consulta Diego Babalawo<\/span><\/a>\n                    <\/span>\n                  <\/div>\n                <\/div>\n              <\/div>\n            <\/div>\n          <\/div>\n        <\/div>\n      <\/div>\n      <div data-colibri-id=\"3728-c29\" class=\"h-row-container gutters-row-lg-2 gutters-row-md-2 gutters-row-0 gutters-row-v-lg-2 gutters-row-v-md-2 gutters-row-v-2 style-1512 style-local-3728-c29 position-relative\">\n        <!---->\n        <div class=\"h-row justify-content-lg-center justify-content-md-center justify-content-center align-items-lg-stretch align-items-md-stretch align-items-stretch gutters-col-lg-2 gutters-col-md-2 gutters-col-0 gutters-col-v-lg-2 gutters-col-v-md-2 gutters-col-v-2\">\n          <!---->\n          <div class=\"h-column h-column-container d-flex h-col-lg-auto h-col-md-auto h-col-auto style-1513-outer style-local-3728-c30-outer\">\n            <div data-colibri-id=\"3728-c30\" class=\"d-flex h-flex-basis h-column__inner h-px-lg-2 h-px-md-2 h-px-2 v-inner-lg-2 v-inner-md-2 v-inner-2 style-1513 style-local-3728-c30 position-relative\">\n              <!---->\n              <!---->\n              <div class=\"w-100 h-y-container h-column__content h-column__v-align flex-basis-100 align-self-lg-start align-self-md-start align-self-start\">\n                <!---->\n                <div data-colibri-id=\"3728-c31\" class=\"h-text h-text-component style-1511 style-local-3728-c31 position-relative h-element\">\n                  <!---->\n                  <!---->\n                  <div class=\"\">\n                    <p><span style=\"color: rgb(236, 244, 247); font-family: Adamina; font-size: 16px; font-weight: 400;\">La actual Bas\u00edlica Santuario Nacional de Nuestra Se\u00f1ora de la Caridad del Cobre fue inaugurada en 1927 y hoy sigue siendo el epicentro de la fe mariana en Cuba, recibiendo cada a\u00f1o miles de peregrinos que llevan flores, velas u ofrendas de cobre en se\u00f1al de gratitud.<\/span><\/p>\n                  <\/div>\n                <\/div>\n              <\/div>\n            <\/div>\n          <\/div>\n        <\/div>\n      <\/div>\n    <\/div>\n  <\/div>\n  <div data-colibri-component=\"section\" data-colibri-id=\"3728-c18\" id=\"about-2\" class=\"h-section h-section-global-spacing d-flex align-items-lg-center align-items-md-center align-items-center style-1492 style-local-3728-c18 position-relative\">\n    <!---->\n    <!---->\n    <div class=\"h-section-grid-container h-section-boxed-container\">\n      <!---->\n      <div data-colibri-id=\"3728-c19\" class=\"h-row-container gutters-row-lg-0 gutters-row-md-0 gutters-row-0 gutters-row-v-lg-0 gutters-row-v-md-0 gutters-row-v-0 style-1493 style-local-3728-c19 position-relative\">\n        <!---->\n        <div class=\"h-row justify-content-lg-center justify-content-md-center justify-content-center align-items-lg-stretch align-items-md-stretch align-items-stretch gutters-col-lg-0 gutters-col-md-0 gutters-col-0 gutters-col-v-lg-0 gutters-col-v-md-0 gutters-col-v-0\">\n          <!---->\n          <div class=\"h-column h-column-container d-flex h-col-lg-auto h-col-md-auto h-col-auto style-1494-outer style-local-3728-c20-outer\">\n            <div data-colibri-id=\"3728-c20\" class=\"d-flex h-flex-basis h-column__inner h-px-lg-0 h-px-md-0 h-px-0 v-inner-lg-0 v-inner-md-0 v-inner-0 style-1494 style-local-3728-c20 position-relative\">\n              <!---->\n              <!---->\n              <div class=\"w-100 h-y-container h-column__content h-column__v-align flex-basis-100 align-self-lg-start align-self-md-start align-self-start\">\n                <!---->\n                <div data-colibri-id=\"3728-c22\" class=\"h-global-transition-all h-heading style-1496 style-local-3728-c22 position-relative h-element\">\n                  <!---->\n                  <div class=\"h-heading__outer style-1496 style-local-3728-c22\">\n                    <!---->\n                    <!---->\n                    <h2 class=\"\">Devoci\u00f3n y s\u00edmbolo nacional<\/h2>\n                  <\/div>\n                <\/div>\n                <div data-colibri-id=\"3728-c23\" class=\"h-text h-text-component style-1497 style-local-3728-c23 position-relative h-element\">\n                  <!---->\n                  <!---->\n                  <div class=\"\">\n                    <p><span style=\"font-family: Adamina; color: rgb(0, 2, 4);\">La Virgen de la Caridad es venerada no solo como protectora espiritual, sino tambi\u00e9n como emblema de unidad y esperanza. Durante las guerras de independencia, los mambises solicitaron al Papa que la declarara Patrona de Cuba. En 1916, Benedicto XV atendi\u00f3 esa petici\u00f3n, consolidando su lugar como protectora del pueblo cubano.<\/span><\/p>\n                    <p><span style=\"font-family: Adamina; color: rgb(0, 2, 4);\">Cada 8 de septiembre, d\u00eda de su festividad, los cubanos celebran a su patrona con misas, procesiones y actos de fe que unen a creyentes y no creyentes en torno a un mismo sentimiento de pertenencia.<\/span><\/p>\n                  <\/div>\n                <\/div>\n              <\/div>\n            <\/div>\n          <\/div>\n          <div class=\"h-column h-column-container d-flex h-col-lg-auto h-col-md-auto h-col-auto style-1498-outer style-local-3728-c24-outer\">\n            <div data-colibri-id=\"3728-c24\" class=\"d-flex h-flex-basis h-column__inner h-ui-empty-state-container h-px-lg-2 h-px-md-2 h-px-2 v-inner-lg-2 v-inner-md-2 v-inner-2 style-1498 style-local-3728-c24 position-relative\">\n              <!---->\n              <!---->\n              <div class=\"w-100 h-y-container h-column__content h-column__v-align flex-basis-100\">\n                <!---->\n              <\/div>\n            <\/div>\n          <\/div>\n        <\/div>\n      <\/div>\n      <div data-colibri-id=\"3728-c33\" class=\"h-row-container gutters-row-lg-2 gutters-row-md-2 gutters-row-0 gutters-row-v-lg-2 gutters-row-v-md-2 gutters-row-v-2 style-1515 style-local-3728-c33 position-relative\">\n        <!---->\n        <div class=\"h-row justify-content-lg-center justify-content-md-center justify-content-center align-items-lg-stretch align-items-md-stretch align-items-stretch gutters-col-lg-2 gutters-col-md-2 gutters-col-0 gutters-col-v-lg-2 gutters-col-v-md-2 gutters-col-v-2\">\n          <!---->\n          <div class=\"h-column h-column-container d-flex h-col-lg-auto h-col-md-auto h-col-auto style-1516-outer style-local-3728-c34-outer\">\n            <div data-colibri-id=\"3728-c34\" class=\"d-flex h-flex-basis h-column__inner h-px-lg-2 h-px-md-2 h-px-2 v-inner-lg-2 v-inner-md-2 v-inner-2 style-1516 style-local-3728-c34 position-relative\">\n              <!---->\n              <!---->\n              <div class=\"w-100 h-y-container h-column__content h-column__v-align flex-basis-100 align-self-lg-start align-self-md-start align-self-start\">\n                <!---->\n                <div data-colibri-id=\"3728-c35\" class=\"h-text h-text-component style-1514 style-local-3728-c35 position-relative h-element\">\n                  <!---->\n                  <!---->\n                  <div class=\"\">\n                    <h4>Sincretismo y cultura<\/h4>\n                    <p>La Virgen de la Caridad tambi\u00e9n ocupa un lugar central en la santer\u00eda cubana, donde se identifica con <strong>Och\u00fan<\/strong>, la orisha yoruba del amor, la fertilidad y los r\u00edos. Este sincretismo entre catolicismo y religiones africanas\n                      refleja el mestizaje cultural de la isla y refuerza el car\u00e1cter inclusivo de su devoci\u00f3n.<\/p>\n                    <p>As\u00ed, Cachita se convierte en s\u00edmbolo de ternura, justicia y libertad, capaz de tender puentes entre diversas tradiciones religiosas y culturales.<\/p>\n                    <h4>Un emblema universal<\/h4>\n                    <p>La importancia de la Virgen de la Caridad del Cobre ha trascendido fronteras. Los papas Juan Pablo II (1998), Benedicto XVI (2012) y Francisco (2015) la visitaron en su santuario, reconociendo su valor como s\u00edmbolo de fe y como expresi\u00f3n\n                      de la identidad cubana. Su devoci\u00f3n tambi\u00e9n se mantiene viva entre la di\u00e1spora cubana en Estados Unidos, Espa\u00f1a y otros pa\u00edses, donde es invocada como madre y protectora.<\/p>\n                    <p>M\u00e1s que una figura religiosa, la Virgen de la Caridad del Cobre es un s\u00edmbolo de unidad, esperanza y mestizaje cultural. En ella convergen la fe cat\u00f3lica, las tradiciones africanas y el sentimiento nacional cubano, convirti\u00e9ndola en\n                      emblema espiritual y cultural de un pueblo que, dentro y fuera de la isla, la reconoce como madre y protectora.<\/p>\n                  <\/div>\n                <\/div>\n              <\/div>\n            <\/div>\n          <\/div>\n        <\/div>\n      <\/div>\n    <\/div>\n  <\/div>\n<\/div>","protected":false},"excerpt":{"rendered":"<p>La Virgen de la Caridad del Cobre\ufeff S\u00edmbolo de fe e identidad cubana La Virgen de la Caridad del Cobre, cari\u00f1osamente llamada \u201cCachita\u201d, es una de las advocaciones marianas m\u00e1s queridas en Am\u00e9rica Latina y el coraz\u00f3n espiritual de Cuba. Su historia, marcada por la devoci\u00f3n popular, el sincretismo cultural y el sentimiento nacional, la [&hellip;]<\/p>\n","protected":false},"author":1,"featured_media":0,"parent":0,"menu_order":0,"comment_status":"closed","ping_status":"closed","template":"page-templates\/full-width-page.php","meta":{"footnotes":""},"class_list":["post-3728","page","type-page","status-publish","hentry"],"_links":{"self":[{"href":"https:\/\/tarotcaridaddelcobre.com\/index.php\/wp-json\/wp\/v2\/pages\/3728","targetHints":{"allow":["GET"]}}],"collection":[{"href":"https:\/\/tarotcaridaddelcobre.com\/index.php\/wp-json\/wp\/v2\/pages"}],"about":[{"href":"https:\/\/tarotcaridaddelcobre.com\/index.php\/wp-json\/wp\/v2\/types\/page"}],"author":[{"embeddable":true,"href":"https:\/\/tarotcaridaddelcobre.com\/index.php\/wp-json\/wp\/v2\/users\/1"}],"replies":[{"embeddable":true,"href":"https:\/\/tarotcaridaddelcobre.com\/index.php\/wp-json\/wp\/v2\/comments?post=3728"}],"version-history":[{"count":0,"href":"https:\/\/tarotcaridaddelcobre.com\/index.php\/wp-json\/wp\/v2\/pages\/3728\/revisions"}],"wp:attachment":[{"href":"https:\/\/tarotcaridaddelcobre.com\/index.php\/wp-json\/wp\/v2\/media?parent=3728"}],"curies":[{"name":"wp","href":"https:\/\/api.w.org\/{rel}","templated":true}]}}