{"id":691,"date":"2024-12-30T10:52:55","date_gmt":"2024-12-30T10:52:55","guid":{"rendered":"https:\/\/tarotcaridaddelcobre.com\/?page_id=691"},"modified":"2025-10-02T14:53:45","modified_gmt":"2025-10-02T14:53:45","slug":"tirada-tarot-sencilla","status":"publish","type":"page","link":"https:\/\/tarotcaridaddelcobre.com\/index.php\/tirada-tarot-sencilla\/","title":{"rendered":"Tirada Tarot Sencilla"},"content":{"rendered":"<div data-colibri-id=\"691-c1\" class=\"style-1805 style-local-691-c1 position-relative\">\n  <!---->\n  <div data-colibri-component=\"section\" data-colibri-id=\"691-c6\" id=\"custom\" class=\"h-section h-section-global-spacing d-flex align-items-lg-center align-items-md-center align-items-center style-1810 style-local-691-c6 position-relative\">\n    <!---->\n    <!---->\n    <div class=\"h-section-grid-container h-section-boxed-container\">\n      <!---->\n      <div data-colibri-id=\"691-c7\" class=\"h-row-container gutters-row-lg-2 gutters-row-md-2 gutters-row-0 gutters-row-v-lg-2 gutters-row-v-md-2 gutters-row-v-2 style-1811 style-local-691-c7 position-relative\">\n        <!---->\n        <div class=\"h-row justify-content-lg-center justify-content-md-center justify-content-center align-items-lg-stretch align-items-md-stretch align-items-stretch gutters-col-lg-2 gutters-col-md-2 gutters-col-0 gutters-col-v-lg-2 gutters-col-v-md-2 gutters-col-v-2\">\n          <!---->\n          <div class=\"h-column h-column-container d-flex h-col-lg-auto h-col-md-auto h-col-auto style-1812-outer style-local-691-c8-outer\">\n            <div data-colibri-id=\"691-c8\" class=\"d-flex h-flex-basis h-column__inner h-px-lg-2 h-px-md-2 h-px-2 v-inner-lg-2 v-inner-md-2 v-inner-2 style-1812 style-local-691-c8 position-relative\">\n              <!---->\n              <!---->\n              <div class=\"w-100 h-y-container h-column__content h-column__v-align flex-basis-100 align-self-lg-start align-self-md-start align-self-start\">\n                <!---->\n                <div data-colibri-id=\"691-c18\" class=\"h-text h-text-component style-1822 style-local-691-c18 position-relative h-element\">\n                  <!---->\n                  <!---->\n                  <div class=\"\">\n                    <p><strong>Tirada de Tarot Sencilla:<\/strong><\/p>\n                    <p><strong>Un Viaje al Conocimiento Interno<\/strong><\/p>\n                    <p>El tarot, un antiguo arte de adivinaci\u00f3n, se ha utilizado durante siglos como una herramienta para la autoexploraci\u00f3n y la comprensi\u00f3n del destino. La tirada de tarot sencilla es un m\u00e9todo accesible que permite obtener respuestas claras\n                      a preguntas espec\u00edficas, iluminando el camino hacia la sabidur\u00eda interior. En esta experiencia, se emplean solo tres cartas, cada una de las cuales ofrece informaci\u00f3n valiosa sobre el pasado, presente y futuro.<\/p>\n                  <\/div>\n                <\/div>\n              <\/div>\n            <\/div>\n          <\/div>\n        <\/div>\n      <\/div>\n    <\/div>\n  <\/div>\n  <div data-colibri-component=\"section\" data-colibri-id=\"691-c9\" id=\"custom-2\" class=\"h-section h-section-global-spacing d-flex align-items-lg-center align-items-md-center align-items-center style-1813 style-local-691-c9 position-relative\">\n    <!---->\n    <!---->\n    <div class=\"h-section-grid-container h-section-boxed-container\">\n      <!---->\n      <div data-colibri-id=\"691-c10\" class=\"h-row-container gutters-row-lg-2 gutters-row-md-2 gutters-row-0 gutters-row-v-lg-2 gutters-row-v-md-2 gutters-row-v-2 style-1814 style-local-691-c10 position-relative\">\n        <!---->\n        <div class=\"h-row justify-content-lg-center justify-content-md-center justify-content-center align-items-lg-stretch align-items-md-stretch align-items-stretch gutters-col-lg-2 gutters-col-md-2 gutters-col-0 gutters-col-v-lg-2 gutters-col-v-md-2 gutters-col-v-2\">\n          <!---->\n          <div class=\"h-column h-column-container d-flex h-col-lg-auto h-col-md-auto h-col-auto style-1815-outer style-local-691-c11-outer\">\n            <div data-colibri-id=\"691-c11\" class=\"d-flex h-flex-basis h-column__inner h-px-lg-2 h-px-md-2 h-px-2 v-inner-lg-2 v-inner-md-2 v-inner-2 style-1815 style-local-691-c11 position-relative\">\n              <!---->\n              <!---->\n              <div class=\"w-100 h-y-container h-column__content h-column__v-align flex-basis-100 align-self-lg-start align-self-md-start align-self-start\">\n                <!---->\n                <div data-colibri-id=\"691-c19\" class=\"d-block style-1823 style-local-691-c19 position-relative h-element\">\n                  <!---->\n                  <div class=\"h-image__frame-container-outer\">\n                    <div class=\"h-image__frame-container\">\n                      <!---->\n                      <!---->\n                      <img loading=\"lazy\" decoding=\"async\" width=\"500\" height=\"500\" src=\"https:\/\/tarotcaridaddelcobre.com\/wp-content\/uploads\/2025\/10\/Copia-de-Rituales-Efectivos-3.png\" class=\"wp-image-3356 style-1823-image style-local-691-c19-image\" alt=\"\" srcset=\"https:\/\/tarotcaridaddelcobre.com\/wp-content\/uploads\/2025\/10\/Copia-de-Rituales-Efectivos-3.png 500w, https:\/\/tarotcaridaddelcobre.com\/wp-content\/uploads\/2025\/10\/Copia-de-Rituales-Efectivos-3-300x300.png 300w, https:\/\/tarotcaridaddelcobre.com\/wp-content\/uploads\/2025\/10\/Copia-de-Rituales-Efectivos-3-150x150.png 150w\" sizes=\"auto, (max-width: 500px) 100vw, 500px\" \/>\n                      <div class=\"h-image__frame h-hide-lg h-hide-md h-hide-sm style-1823-frameImage style-local-691-c19-frameImage\"><\/div>\n                    <\/div>\n                  <\/div>\n                <\/div>\n              <\/div>\n            <\/div>\n          <\/div>\n          <div class=\"h-column h-column-container d-flex h-col-lg-auto h-col-md-auto h-col-auto style-1816-outer style-local-691-c12-outer\">\n            <div data-colibri-id=\"691-c12\" class=\"d-flex h-flex-basis h-column__inner h-px-lg-2 h-px-md-2 h-px-2 v-inner-lg-2 v-inner-md-2 v-inner-2 style-1816 style-local-691-c12 position-relative\">\n              <!---->\n              <!---->\n              <div class=\"w-100 h-y-container h-column__content h-column__v-align flex-basis-100 align-self-lg-start align-self-md-start align-self-start\">\n                <!---->\n                <div data-colibri-id=\"691-c17\" class=\"h-text h-text-component style-1821 style-local-691-c17 position-relative h-element\">\n                  <!---->\n                  <!---->\n                  <div class=\"\">\n                    <p>La tirada de tarot sencilla no solo busca predecir acontecimientos, sino fomentar la reflexi\u00f3n y el entendimiento personal. Cada carta, cargada de simbolismo y resonancia, act\u00faa como un espejo que refleja tanto nuestras inseguridades\n                      como nuestros potenciales. Al integrar estos significados en nuestra vida, se nos brinda la oportunidad de tomar decisiones m\u00e1s conscientes y alineadas con nuestro verdadero ser.<\/p>\n                    <p>Al concluir esta breve pero significativa consulta, se recomienda tener un cuaderno a mano para anotar las impresiones y revelaciones surgidas durante la lectura. Este ejercicio no solo fortalece la conexi\u00f3n con el tarot, sino que\n                      tambi\u00e9n permite un seguimiento del desarrollo personal a lo largo del tiempo. As\u00ed, el tarot se convierte en un compa\u00f1ero leal en el viaje del autoconocimiento y la transformaci\u00f3n personal.<\/p>\n                  <\/div>\n                <\/div>\n              <\/div>\n            <\/div>\n          <\/div>\n        <\/div>\n      <\/div>\n    <\/div>\n  <\/div>\n  <div data-colibri-component=\"section\" data-colibri-id=\"691-c13\" id=\"custom-3\" class=\"h-section h-section-global-spacing d-flex align-items-lg-center align-items-md-center align-items-center style-1817 style-local-691-c13 position-relative\">\n    <!---->\n    <!---->\n    <div class=\"h-section-grid-container h-section-boxed-container\">\n      <!---->\n      <div data-colibri-id=\"691-c14\" class=\"h-row-container gutters-row-lg-2 gutters-row-md-2 gutters-row-0 gutters-row-v-lg-2 gutters-row-v-md-2 gutters-row-v-2 style-1818 style-local-691-c14 position-relative\">\n        <!---->\n        <div class=\"h-row justify-content-lg-center justify-content-md-center justify-content-center align-items-lg-stretch align-items-md-stretch align-items-stretch gutters-col-lg-2 gutters-col-md-2 gutters-col-0 gutters-col-v-lg-2 gutters-col-v-md-2 gutters-col-v-2\">\n          <!---->\n          <div class=\"h-column h-column-container d-flex h-col-lg-auto h-col-md-auto h-col-auto style-1819-outer style-local-691-c15-outer\">\n            <div data-colibri-id=\"691-c15\" class=\"d-flex h-flex-basis h-column__inner h-px-lg-2 h-px-md-2 h-px-2 v-inner-lg-2 v-inner-md-2 v-inner-2 style-1819 style-local-691-c15 position-relative\">\n              <!---->\n              <!---->\n              <div class=\"w-100 h-y-container h-column__content h-column__v-align flex-basis-100 align-self-lg-start align-self-md-start align-self-start\">\n                <!---->\n                <div data-colibri-id=\"691-c16\" class=\"h-text h-text-component style-1820 style-local-691-c16 position-relative h-element\">\n                  <!---->\n                  <!---->\n                  <div class=\"\">\n                    <p><strong>La Estructura de la Tirada:<\/strong><\/p>\n                    <p><strong>1. Primera carta \u2013 El Pasado:<\/strong><\/p>\n                    <p>Esta carta representa las experiencias, influencias y lecciones aprendidas que han dado forma a la situaci\u00f3n actual. Al examinar su significado, se puede reflexionar sobre los eventos que han llevado a la pregunta formulada. Por ejemplo,\n                      si se revela el Seis de Copas, puede sugerir un anhelo por tiempos pasados o el impacto de recuerdos infantiles en las decisiones presentes.<\/p>\n                    <p><strong>2. Segunda carta \u2013 El Presente:<\/strong><\/p>\n                    <p>La segunda carta refleja el estado actual de la consulta, ofreciendo claridad sobre las circunstancias presentes. Si, por ejemplo, aparece la Rueda de la Fortuna, indica que se est\u00e1 atravesando un periodo de transformaciones inevitables,\n                      invitando a aceptar los cambios y adaptarse a ellos. Esta carta abre la puerta a la introspecci\u00f3n sobre c\u00f3mo se enfrentan los retos actuales.<\/p>\n                    <p><strong>3. Tercera carta \u2013 El Futuro:<\/strong><\/p>\n                    <p>Finalmente, la \u00faltima carta ofrece una visi\u00f3n de lo que est\u00e1 por venir, aunque es importante recordar que el futuro no est\u00e1 escrito en piedra. Supongamos que se extrae el Sol; tal carta simboliza \u00e9xito, vitalidad y felicidad inminente,\n                      sugiriendo que las decisiones tomadas en el presente pueden resultar en outcomes positivos.<\/p>\n                  <\/div>\n                <\/div>\n              <\/div>\n            <\/div>\n          <\/div>\n        <\/div>\n      <\/div>\n    <\/div>\n  <\/div>\n<\/div>","protected":false},"excerpt":{"rendered":"<p>Tirada de Tarot Sencilla: Un Viaje al Conocimiento Interno El tarot, un antiguo arte de adivinaci\u00f3n, se ha utilizado durante siglos como una herramienta para la autoexploraci\u00f3n y la comprensi\u00f3n del destino. La tirada de tarot sencilla es un m\u00e9todo accesible que permite obtener respuestas claras a preguntas espec\u00edficas, iluminando el camino hacia la sabidur\u00eda [&hellip;]<\/p>\n","protected":false},"author":1,"featured_media":0,"parent":0,"menu_order":0,"comment_status":"closed","ping_status":"closed","template":"page-templates\/full-width-page.php","meta":{"footnotes":""},"class_list":["post-691","page","type-page","status-publish","hentry"],"_links":{"self":[{"href":"https:\/\/tarotcaridaddelcobre.com\/index.php\/wp-json\/wp\/v2\/pages\/691","targetHints":{"allow":["GET"]}}],"collection":[{"href":"https:\/\/tarotcaridaddelcobre.com\/index.php\/wp-json\/wp\/v2\/pages"}],"about":[{"href":"https:\/\/tarotcaridaddelcobre.com\/index.php\/wp-json\/wp\/v2\/types\/page"}],"author":[{"embeddable":true,"href":"https:\/\/tarotcaridaddelcobre.com\/index.php\/wp-json\/wp\/v2\/users\/1"}],"replies":[{"embeddable":true,"href":"https:\/\/tarotcaridaddelcobre.com\/index.php\/wp-json\/wp\/v2\/comments?post=691"}],"version-history":[{"count":0,"href":"https:\/\/tarotcaridaddelcobre.com\/index.php\/wp-json\/wp\/v2\/pages\/691\/revisions"}],"wp:attachment":[{"href":"https:\/\/tarotcaridaddelcobre.com\/index.php\/wp-json\/wp\/v2\/media?parent=691"}],"curies":[{"name":"wp","href":"https:\/\/api.w.org\/{rel}","templated":true}]}}