{"id":695,"date":"2024-12-30T11:10:17","date_gmt":"2024-12-30T11:10:17","guid":{"rendered":"https:\/\/tarotcaridaddelcobre.com\/?page_id=695"},"modified":"2025-10-02T13:33:16","modified_gmt":"2025-10-02T13:33:16","slug":"tirada-tarot-cruz-celta","status":"publish","type":"page","link":"https:\/\/tarotcaridaddelcobre.com\/index.php\/tirada-tarot-cruz-celta\/","title":{"rendered":"Tirada Tarot Cruz Celta"},"content":{"rendered":"<div data-colibri-id=\"695-c1\" class=\"style-1748 style-local-695-c1 position-relative\">\n  <!---->\n  <div data-colibri-component=\"section\" data-colibri-id=\"695-c6\" id=\"custom\" class=\"h-section h-section-global-spacing d-flex align-items-lg-center align-items-md-center align-items-center style-1753 style-local-695-c6 position-relative\">\n    <!---->\n    <!---->\n    <div class=\"h-section-grid-container h-section-boxed-container\">\n      <!---->\n      <div data-colibri-id=\"695-c7\" class=\"h-row-container gutters-row-lg-2 gutters-row-md-2 gutters-row-0 gutters-row-v-lg-2 gutters-row-v-md-2 gutters-row-v-2 style-1754 style-local-695-c7 position-relative\">\n        <!---->\n        <div class=\"h-row justify-content-lg-center justify-content-md-center justify-content-center align-items-lg-stretch align-items-md-stretch align-items-stretch gutters-col-lg-2 gutters-col-md-2 gutters-col-0 gutters-col-v-lg-2 gutters-col-v-md-2 gutters-col-v-2\">\n          <!---->\n          <div class=\"h-column h-column-container d-flex h-col-lg-auto h-col-md-auto h-col-auto style-1755-outer style-local-695-c8-outer\">\n            <div data-colibri-id=\"695-c8\" class=\"d-flex h-flex-basis h-column__inner h-px-lg-2 h-px-md-2 h-px-2 v-inner-lg-2 v-inner-md-2 v-inner-2 style-1755 style-local-695-c8 position-relative\">\n              <!---->\n              <!---->\n              <div class=\"w-100 h-y-container h-column__content h-column__v-align flex-basis-100 align-self-lg-start align-self-md-start align-self-start\">\n                <!---->\n                <div data-colibri-id=\"695-c16\" class=\"h-text h-text-component style-1763 style-local-695-c16 position-relative h-element\">\n                  <!---->\n                  <!---->\n                  <div class=\"\">\n                    <p><strong>La Tirada de Tarot Cruz Celta:<\/strong><\/p>\n                    <p><strong>Un Viaje a trav\u00e9s del Inconsciente<\/strong><\/p>\n                    <p>La tirada de tarot conocida como Cruz Celta es una de las m\u00e1s populares y elaboradas entre los practicantes de esta ancestral pr\u00e1ctica. Reconocida por su capacidad para ofrecer una visi\u00f3n profunda sobre situaciones complejas, la Cruz\n                      Celta permite desentra\u00f1ar no solo las circunstancias presentes, sino tambi\u00e9n las influencias pasadas y futuras que afectan a un individuo. Este m\u00e9todo se compone de diez cartas dispuestas estrat\u00e9gicamente, cada una con su propio\n                      significado, que juntas forman un retrato hol\u00edstico de la situaci\u00f3n consultada.<\/p>\n                  <\/div>\n                <\/div>\n              <\/div>\n            <\/div>\n          <\/div>\n        <\/div>\n      <\/div>\n    <\/div>\n  <\/div>\n  <div data-colibri-component=\"section\" data-colibri-id=\"695-c9\" id=\"custom-2\" class=\"h-section h-section-global-spacing d-flex align-items-lg-center align-items-md-center align-items-center style-1756 style-local-695-c9 position-relative\">\n    <!---->\n    <!---->\n    <div class=\"h-section-grid-container h-section-boxed-container\">\n      <!---->\n      <div data-colibri-id=\"695-c10\" class=\"h-row-container gutters-row-lg-2 gutters-row-md-2 gutters-row-0 gutters-row-v-lg-2 gutters-row-v-md-2 gutters-row-v-2 style-1757 style-local-695-c10 position-relative\">\n        <!---->\n        <div class=\"h-row justify-content-lg-center justify-content-md-center justify-content-center align-items-lg-stretch align-items-md-stretch align-items-stretch gutters-col-lg-2 gutters-col-md-2 gutters-col-0 gutters-col-v-lg-2 gutters-col-v-md-2 gutters-col-v-2\">\n          <!---->\n          <div class=\"h-column h-column-container d-flex h-col-lg-auto h-col-md-auto h-col-auto style-1758-outer style-local-695-c11-outer\">\n            <div data-colibri-id=\"695-c11\" class=\"d-flex h-flex-basis h-column__inner h-px-lg-2 h-px-md-2 h-px-2 v-inner-lg-2 v-inner-md-2 v-inner-2 style-1758 style-local-695-c11 position-relative\">\n              <!---->\n              <!---->\n              <div class=\"w-100 h-y-container h-column__content h-column__v-align flex-basis-100 align-self-lg-start align-self-md-start align-self-start\">\n                <!---->\n                <div data-colibri-id=\"695-c19\" class=\"d-block style-1766 style-local-695-c19 position-relative h-element\">\n                  <!---->\n                  <div class=\"h-image__frame-container-outer\">\n                    <div class=\"h-image__frame-container\">\n                      <!---->\n                      <!---->\n                      <img loading=\"lazy\" decoding=\"async\" width=\"500\" height=\"500\" src=\"https:\/\/tarotcaridaddelcobre.com\/wp-content\/uploads\/2025\/10\/Copia-de-Rituales-Efectivos-4.png\" class=\"wp-image-3357 style-1766-image style-local-695-c19-image\" alt=\"\" srcset=\"https:\/\/tarotcaridaddelcobre.com\/wp-content\/uploads\/2025\/10\/Copia-de-Rituales-Efectivos-4.png 500w, https:\/\/tarotcaridaddelcobre.com\/wp-content\/uploads\/2025\/10\/Copia-de-Rituales-Efectivos-4-300x300.png 300w, https:\/\/tarotcaridaddelcobre.com\/wp-content\/uploads\/2025\/10\/Copia-de-Rituales-Efectivos-4-150x150.png 150w\" sizes=\"auto, (max-width: 500px) 100vw, 500px\" \/>\n                      <div class=\"h-image__frame h-hide-lg h-hide-md h-hide-sm style-1766-frameImage style-local-695-c19-frameImage\"><\/div>\n                    <\/div>\n                  <\/div>\n                <\/div>\n              <\/div>\n            <\/div>\n          <\/div>\n          <div class=\"h-column h-column-container d-flex h-col-lg-auto h-col-md-auto h-col-auto style-1759-outer style-local-695-c12-outer\">\n            <div data-colibri-id=\"695-c12\" class=\"d-flex h-flex-basis h-column__inner h-px-lg-2 h-px-md-2 h-px-2 v-inner-lg-2 v-inner-md-2 v-inner-2 style-1759 style-local-695-c12 position-relative\">\n              <!---->\n              <!---->\n              <div class=\"w-100 h-y-container h-column__content h-column__v-align flex-basis-100 align-self-lg-start align-self-md-start align-self-start\">\n                <!---->\n                <div data-colibri-id=\"695-c17\" class=\"h-text h-text-component style-1764 style-local-695-c17 position-relative h-element\">\n                  <!---->\n                  <!---->\n                  <div class=\"\">\n                    <p><span style=\"font-weight: 400; font-size: 16px; font-family: Adamina; color: rgb(0, 10, 13);\">En la primera posici\u00f3n, se encuentra la carta que representa el presente, un reflejo directo de la situaci\u00f3n actual del consultante. Esta carta act\u00faa como punto de partida, revelando las emociones y pensamientos predominantes que pueden estar dirigiendo la vida del individuo. Justo encima de ella, en la segunda posici\u00f3n, aparece la carta que simboliza los desaf\u00edos y obst\u00e1culos que enfrenta, ofreciendo as\u00ed una perspectiva clara sobre las barreras que pueden interponerse en su camino.<\/span><\/p>\n                  <\/div>\n                <\/div>\n              <\/div>\n            <\/div>\n          <\/div>\n        <\/div>\n      <\/div>\n    <\/div>\n  <\/div>\n  <div data-colibri-component=\"section\" data-colibri-id=\"695-c13\" id=\"custom-3\" class=\"h-section h-section-global-spacing d-flex align-items-lg-center align-items-md-center align-items-center style-1760 style-local-695-c13 position-relative\">\n    <!---->\n    <!---->\n    <div class=\"h-section-grid-container h-section-boxed-container\">\n      <!---->\n      <div data-colibri-id=\"695-c14\" class=\"h-row-container gutters-row-lg-2 gutters-row-md-2 gutters-row-0 gutters-row-v-lg-2 gutters-row-v-md-2 gutters-row-v-2 style-1761 style-local-695-c14 position-relative\">\n        <!---->\n        <div class=\"h-row justify-content-lg-center justify-content-md-center justify-content-center align-items-lg-stretch align-items-md-stretch align-items-stretch gutters-col-lg-2 gutters-col-md-2 gutters-col-0 gutters-col-v-lg-2 gutters-col-v-md-2 gutters-col-v-2\">\n          <!---->\n          <div class=\"h-column h-column-container d-flex h-col-lg-auto h-col-md-auto h-col-auto style-1762-outer style-local-695-c15-outer\">\n            <div data-colibri-id=\"695-c15\" class=\"d-flex h-flex-basis h-column__inner h-px-lg-2 h-px-md-2 h-px-2 v-inner-lg-2 v-inner-md-2 v-inner-2 style-1762 style-local-695-c15 position-relative\">\n              <!---->\n              <!---->\n              <div class=\"w-100 h-y-container h-column__content h-column__v-align flex-basis-100 align-self-lg-start align-self-md-start align-self-start\">\n                <!---->\n                <div data-colibri-id=\"695-c18\" class=\"h-text h-text-component style-1765 style-local-695-c18 position-relative h-element\">\n                  <!---->\n                  <!---->\n                  <div class=\"\">\n                    <p>La tercera posici\u00f3n refleja la base de la situaci\u00f3n, vinculada a eventos o influencias pasadas que han llevado al consultante a su estado actual. Estas ra\u00edces, aunque a menudo olvidadas, son fundamentales para comprender el presente.\n                      A continuaci\u00f3n, la cuarta carta proporciona una visi\u00f3n de lo que el futuro inmediato podr\u00eda deparar, un presagio de lo que est\u00e1 por venir si se mantienen las circunstancias actuales.<\/p>\n                    <p>Las siguientes posiciones abordan aspectos m\u00e1s psicol\u00f3gicos y espirituales. La quinta carta se relaciona con el consultante mismo, revelando sus deseos interiores y aspiraciones, mientras que la sexta se refiere a c\u00f3mo lo ven los dem\u00e1s.\n                      Este contraste brinda una comprensi\u00f3n de c\u00f3mo las percepciones externas pueden diferir de la realidad interna.<\/p>\n                    <p>Las \u00faltimas cuatro posiciones completan el relato. La s\u00e9ptima carta trata sobre la influencia de fuerzas externas, ya sean personas o circunstancias, que impactan en la situaci\u00f3n. La octava refleja el miedo, la ansiedad o las preocupaciones\n                      que pueden estar obstaculizando el camino del consultante. La novena carta, en cambio, se\u00f1ala las esperanzas y sue\u00f1os, esas visiones que impulsan hacia adelante. Finalmente, la d\u00e9cima carta ofrece una conclusi\u00f3n, revelando el resultado\n                      probable de la situaci\u00f3n si se siguen las tendencias actuales.<\/p>\n                    <p>La Cruz Celta no solo es una herramienta de adivinaci\u00f3n, sino un espejo que refleja el inconsciente colectivo del consultante, ayud\u00e1ndole a tomar decisiones informadas y conscientes. Al sumergirse en este proceso, el individuo tiene\n                      la oportunidad de explorar su interioridad, confrontar sus temores y abrazar su futuro.<\/p>\n                  <\/div>\n                <\/div>\n              <\/div>\n            <\/div>\n          <\/div>\n        <\/div>\n      <\/div>\n    <\/div>\n  <\/div>\n<\/div>","protected":false},"excerpt":{"rendered":"<p>La Tirada de Tarot Cruz Celta: Un Viaje a trav\u00e9s del Inconsciente La tirada de tarot conocida como Cruz Celta es una de las m\u00e1s populares y elaboradas entre los practicantes de esta ancestral pr\u00e1ctica. Reconocida por su capacidad para ofrecer una visi\u00f3n profunda sobre situaciones complejas, la Cruz Celta permite desentra\u00f1ar no solo las [&hellip;]<\/p>\n","protected":false},"author":1,"featured_media":0,"parent":0,"menu_order":0,"comment_status":"closed","ping_status":"closed","template":"page-templates\/full-width-page.php","meta":{"footnotes":""},"class_list":["post-695","page","type-page","status-publish","hentry"],"_links":{"self":[{"href":"https:\/\/tarotcaridaddelcobre.com\/index.php\/wp-json\/wp\/v2\/pages\/695","targetHints":{"allow":["GET"]}}],"collection":[{"href":"https:\/\/tarotcaridaddelcobre.com\/index.php\/wp-json\/wp\/v2\/pages"}],"about":[{"href":"https:\/\/tarotcaridaddelcobre.com\/index.php\/wp-json\/wp\/v2\/types\/page"}],"author":[{"embeddable":true,"href":"https:\/\/tarotcaridaddelcobre.com\/index.php\/wp-json\/wp\/v2\/users\/1"}],"replies":[{"embeddable":true,"href":"https:\/\/tarotcaridaddelcobre.com\/index.php\/wp-json\/wp\/v2\/comments?post=695"}],"version-history":[{"count":0,"href":"https:\/\/tarotcaridaddelcobre.com\/index.php\/wp-json\/wp\/v2\/pages\/695\/revisions"}],"wp:attachment":[{"href":"https:\/\/tarotcaridaddelcobre.com\/index.php\/wp-json\/wp\/v2\/media?parent=695"}],"curies":[{"name":"wp","href":"https:\/\/api.w.org\/{rel}","templated":true}]}}