{"id":697,"date":"2024-12-30T11:13:05","date_gmt":"2024-12-30T11:13:05","guid":{"rendered":"https:\/\/tarotcaridaddelcobre.com\/?page_id=697"},"modified":"2025-10-02T11:11:50","modified_gmt":"2025-10-02T11:11:50","slug":"tirada-tarot-ancestros","status":"publish","type":"page","link":"https:\/\/tarotcaridaddelcobre.com\/index.php\/tirada-tarot-ancestros\/","title":{"rendered":"Tirada Tarot Ancestros"},"content":{"rendered":"<div data-colibri-id=\"697-c1\" class=\"style-1710 style-local-697-c1 position-relative\">\n  <!---->\n  <div data-colibri-component=\"section\" data-colibri-id=\"697-c6\" id=\"custom\" class=\"h-section h-section-global-spacing d-flex align-items-lg-center align-items-md-center align-items-center style-1715 style-local-697-c6 position-relative\">\n    <!---->\n    <!---->\n    <div class=\"h-section-grid-container h-section-boxed-container\">\n      <!---->\n      <div data-colibri-id=\"697-c7\" class=\"h-row-container gutters-row-lg-2 gutters-row-md-2 gutters-row-0 gutters-row-v-lg-2 gutters-row-v-md-2 gutters-row-v-2 style-1716 style-local-697-c7 position-relative\">\n        <!---->\n        <div class=\"h-row justify-content-lg-center justify-content-md-center justify-content-center align-items-lg-stretch align-items-md-stretch align-items-stretch gutters-col-lg-2 gutters-col-md-2 gutters-col-0 gutters-col-v-lg-2 gutters-col-v-md-2 gutters-col-v-2\">\n          <!---->\n          <div class=\"h-column h-column-container d-flex h-col-lg-auto h-col-md-auto h-col-auto style-1717-outer style-local-697-c8-outer\">\n            <div data-colibri-id=\"697-c8\" class=\"d-flex h-flex-basis h-column__inner h-px-lg-2 h-px-md-2 h-px-2 v-inner-lg-2 v-inner-md-2 v-inner-2 style-1717 style-local-697-c8 position-relative\">\n              <!---->\n              <!---->\n              <div class=\"w-100 h-y-container h-column__content h-column__v-align flex-basis-100 align-self-lg-start align-self-md-start align-self-start\">\n                <!---->\n                <div data-colibri-id=\"697-c16\" class=\"h-text h-text-component style-1725 style-local-697-c16 position-relative h-element\">\n                  <!---->\n                  <!---->\n                  <div class=\"\">\n                    <p><strong>Tirada de Tarot de Ancestros:<\/strong><\/p>\n                    <p><strong>Un Viaje a las Ra\u00edces Espirituales<\/strong><\/p>\n                    <p>La tirada de tarot relacionada con los ancestros es una pr\u00e1ctica que busca conectar con las energ\u00edas y lecciones de aquellos que nos precedieron. Esta pr\u00e1ctica invita a los buscadores a entrar en un di\u00e1logo profundo con su linaje,\n                      permitiendo que las voces del pasado susurren saberes esenciales sobre el presente y el futuro.<\/p>\n                    <p>En la tradici\u00f3n del tarot, cada carta no solo representa una energ\u00eda o s\u00edmbolo individual, sino que tambi\u00e9n se entrelaza con historias, creencias y experiencias acumuladas a lo largo de generaciones. Al realizar una tirada enfocada\n                      en los ancestros, nos proponemos explorar no solo las din\u00e1micas familiares que nos moldean, sino tambi\u00e9n las herencias espirituales que resuenan en nuestro ser.<\/p>\n                  <\/div>\n                <\/div>\n              <\/div>\n            <\/div>\n          <\/div>\n        <\/div>\n      <\/div>\n    <\/div>\n  <\/div>\n  <div data-colibri-component=\"section\" data-colibri-id=\"697-c9\" id=\"custom-2\" class=\"h-section h-section-global-spacing d-flex align-items-lg-center align-items-md-center align-items-center style-1718 style-local-697-c9 position-relative\">\n    <!---->\n    <!---->\n    <div class=\"h-section-grid-container h-section-boxed-container\">\n      <!---->\n      <div data-colibri-id=\"697-c10\" class=\"h-row-container gutters-row-lg-2 gutters-row-md-2 gutters-row-0 gutters-row-v-lg-2 gutters-row-v-md-2 gutters-row-v-2 style-1719 style-local-697-c10 position-relative\">\n        <!---->\n        <div class=\"h-row justify-content-lg-center justify-content-md-center justify-content-center align-items-lg-stretch align-items-md-stretch align-items-stretch gutters-col-lg-2 gutters-col-md-2 gutters-col-0 gutters-col-v-lg-2 gutters-col-v-md-2 gutters-col-v-2\">\n          <!---->\n          <div class=\"h-column h-column-container d-flex h-col-lg-auto h-col-md-auto h-col-auto style-1720-outer style-local-697-c11-outer\">\n            <div data-colibri-id=\"697-c11\" class=\"d-flex h-flex-basis h-column__inner h-px-lg-2 h-px-md-2 h-px-2 v-inner-lg-2 v-inner-md-2 v-inner-2 style-1720 style-local-697-c11 position-relative\">\n              <!---->\n              <!---->\n              <div class=\"w-100 h-y-container h-column__content h-column__v-align flex-basis-100 align-self-lg-start align-self-md-start align-self-start\">\n                <!---->\n                <div data-colibri-id=\"697-c17\" class=\"d-block style-1726 style-local-697-c17 position-relative h-element\">\n                  <!---->\n                  <div class=\"h-image__frame-container-outer\">\n                    <div class=\"h-image__frame-container\">\n                      <!---->\n                      <!---->\n                      <img loading=\"lazy\" decoding=\"async\" width=\"500\" height=\"500\" src=\"https:\/\/tarotcaridaddelcobre.com\/wp-content\/uploads\/2025\/10\/Copia-de-Rituales-Efectivos-2.png\" class=\"wp-image-3355 style-1726-image style-local-697-c17-image\" alt=\"\" srcset=\"https:\/\/tarotcaridaddelcobre.com\/wp-content\/uploads\/2025\/10\/Copia-de-Rituales-Efectivos-2.png 500w, https:\/\/tarotcaridaddelcobre.com\/wp-content\/uploads\/2025\/10\/Copia-de-Rituales-Efectivos-2-300x300.png 300w, https:\/\/tarotcaridaddelcobre.com\/wp-content\/uploads\/2025\/10\/Copia-de-Rituales-Efectivos-2-150x150.png 150w\" sizes=\"auto, (max-width: 500px) 100vw, 500px\" \/>\n                      <div class=\"h-image__frame h-hide-lg h-hide-md h-hide-sm style-1726-frameImage style-local-697-c17-frameImage\"><\/div>\n                    <\/div>\n                  <\/div>\n                <\/div>\n              <\/div>\n            <\/div>\n          <\/div>\n          <div class=\"h-column h-column-container d-flex h-col-lg-auto h-col-md-auto h-col-auto style-1721-outer style-local-697-c12-outer\">\n            <div data-colibri-id=\"697-c12\" class=\"d-flex h-flex-basis h-column__inner h-px-lg-2 h-px-md-2 h-px-2 v-inner-lg-2 v-inner-md-2 v-inner-2 style-1721 style-local-697-c12 position-relative\">\n              <!---->\n              <!---->\n              <div class=\"w-100 h-y-container h-column__content h-column__v-align flex-basis-100 align-self-lg-start align-self-md-start align-self-start\">\n                <!---->\n                <div data-colibri-id=\"697-c18\" class=\"h-text h-text-component style-1727 style-local-697-c18 position-relative h-element\">\n                  <!---->\n                  <!---->\n                  <div class=\"\">\n                    <p><strong>El Proceso de la Tirada<\/strong><\/p>\n                    <p>Para llevar a cabo una tirada de tarot de ancestros, es recomendable crear un espacio sagrado donde se pueda sentir la conexi\u00f3n con el mundo espiritual. Se puede encender una vela o quemar incienso, estableciendo un ambiente propicio\n                      para la introspecci\u00f3n. A continuaci\u00f3n, el consultante barajar\u00e1 las cartas mientras se enfoca en una pregunta que relacione sus inquietudes actuales con su legado familiar.<\/p>\n                    <p>La disposici\u00f3n de las cartas en esta tirada es fundamental. Una opci\u00f3n popular es la Cruz Celta, que permite una visi\u00f3n amplia de las influencias pasadas y los desaf\u00edos presentes. En esta tirada, cada posici\u00f3n puede representar a un\n                      ancestro en particular, ofreciendo as\u00ed una narrativa sobre c\u00f3mo las vivencias de estos influyen en la vida del consultante.<\/p>\n                  <\/div>\n                <\/div>\n              <\/div>\n            <\/div>\n          <\/div>\n        <\/div>\n      <\/div>\n    <\/div>\n  <\/div>\n  <div data-colibri-component=\"section\" data-colibri-id=\"697-c13\" id=\"custom-3\" class=\"h-section h-section-global-spacing d-flex align-items-lg-center align-items-md-center align-items-center style-1722 style-local-697-c13 position-relative\">\n    <!---->\n    <!---->\n    <div class=\"h-section-grid-container h-section-boxed-container\">\n      <!---->\n      <div data-colibri-id=\"697-c14\" class=\"h-row-container gutters-row-lg-2 gutters-row-md-2 gutters-row-0 gutters-row-v-lg-2 gutters-row-v-md-2 gutters-row-v-2 style-1723 style-local-697-c14 position-relative\">\n        <!---->\n        <div class=\"h-row justify-content-lg-center justify-content-md-center justify-content-center align-items-lg-stretch align-items-md-stretch align-items-stretch gutters-col-lg-2 gutters-col-md-2 gutters-col-0 gutters-col-v-lg-2 gutters-col-v-md-2 gutters-col-v-2\">\n          <!---->\n          <div class=\"h-column h-column-container d-flex h-col-lg-auto h-col-md-auto h-col-auto style-1724-outer style-local-697-c15-outer\">\n            <div data-colibri-id=\"697-c15\" class=\"d-flex h-flex-basis h-column__inner h-px-lg-2 h-px-md-2 h-px-2 v-inner-lg-2 v-inner-md-2 v-inner-2 style-1724 style-local-697-c15 position-relative\">\n              <!---->\n              <!---->\n              <div class=\"w-100 h-y-container h-column__content h-column__v-align flex-basis-100 align-self-lg-start align-self-md-start align-self-start\">\n                <!---->\n                <div data-colibri-id=\"697-c19\" class=\"h-text h-text-component style-1728 style-local-697-c19 position-relative h-element\">\n                  <!---->\n                  <!---->\n                  <div class=\"\">\n                    <p><strong>Interpretando el Mensaje Ancestral<\/strong><\/p>\n                    <p>Una vez dispuestas las cartas, el lector interpretar\u00e1 simbolismos y conexiones que emergen. La fuerza de una carta como El Emperador, por ejemplo, podr\u00eda invocar la figura de un ancestro patriarcal que encarn\u00f3 poder y autoridad, sugiriendo\n                      la necesidad de tomar decisiones firmes. Por otro lado, la representaci\u00f3n de La Sacerdotisa podr\u00eda se\u00f1alar la sabidur\u00eda femenina, indicando que el consultante debe escuchar su intuici\u00f3n y honrar la herencia espiritual de sus antepasados.<\/p>\n                    <p>Es crucial recordar que esta tirada no solo busca desvelar verdades ocultas, sino tambi\u00e9n proporcionar herramientas para el crecimiento personal. Las ense\u00f1anzas de los ancestros pueden guiarnos, mostr\u00e1ndonos caminos que quiz\u00e1s no hab\u00edamos\n                      considerado, reafirmando que su legado vive en nosotros y nos acompa\u00f1a en nuestra traves\u00eda vital.<\/p>\n                    <p>La tirada de tarot de ancestros es un recordatorio de que nuestras ra\u00edces tienen mucho que ense\u00f1arnos. Al abrir el canal de comunicaci\u00f3n con ellos, podemos integrar sus aprendizajes en nuestra vida, sanando heridas y abrazando nuestro\n                      prop\u00f3sito en el mundo. As\u00ed, el tarot se convierte en un faro de sabidur\u00eda que ilumina nuestras sendas en la b\u00fasqueda de identidad y trascendencia.<\/p>\n                  <\/div>\n                <\/div>\n              <\/div>\n            <\/div>\n          <\/div>\n        <\/div>\n      <\/div>\n    <\/div>\n  <\/div>\n<\/div>","protected":false},"excerpt":{"rendered":"<p>Tirada de Tarot de Ancestros: Un Viaje a las Ra\u00edces Espirituales La tirada de tarot relacionada con los ancestros es una pr\u00e1ctica que busca conectar con las energ\u00edas y lecciones de aquellos que nos precedieron. Esta pr\u00e1ctica invita a los buscadores a entrar en un di\u00e1logo profundo con su linaje, permitiendo que las voces del [&hellip;]<\/p>\n","protected":false},"author":1,"featured_media":0,"parent":0,"menu_order":0,"comment_status":"closed","ping_status":"closed","template":"page-templates\/full-width-page.php","meta":{"footnotes":""},"class_list":["post-697","page","type-page","status-publish","hentry"],"_links":{"self":[{"href":"https:\/\/tarotcaridaddelcobre.com\/index.php\/wp-json\/wp\/v2\/pages\/697","targetHints":{"allow":["GET"]}}],"collection":[{"href":"https:\/\/tarotcaridaddelcobre.com\/index.php\/wp-json\/wp\/v2\/pages"}],"about":[{"href":"https:\/\/tarotcaridaddelcobre.com\/index.php\/wp-json\/wp\/v2\/types\/page"}],"author":[{"embeddable":true,"href":"https:\/\/tarotcaridaddelcobre.com\/index.php\/wp-json\/wp\/v2\/users\/1"}],"replies":[{"embeddable":true,"href":"https:\/\/tarotcaridaddelcobre.com\/index.php\/wp-json\/wp\/v2\/comments?post=697"}],"version-history":[{"count":0,"href":"https:\/\/tarotcaridaddelcobre.com\/index.php\/wp-json\/wp\/v2\/pages\/697\/revisions"}],"wp:attachment":[{"href":"https:\/\/tarotcaridaddelcobre.com\/index.php\/wp-json\/wp\/v2\/media?parent=697"}],"curies":[{"name":"wp","href":"https:\/\/api.w.org\/{rel}","templated":true}]}}