{"id":701,"date":"2024-12-30T11:21:57","date_gmt":"2024-12-30T11:21:57","guid":{"rendered":"https:\/\/tarotcaridaddelcobre.com\/?page_id=701"},"modified":"2025-10-02T14:40:02","modified_gmt":"2025-10-02T14:40:02","slug":"tirada-tarot-familia","status":"publish","type":"page","link":"https:\/\/tarotcaridaddelcobre.com\/index.php\/tirada-tarot-familia\/","title":{"rendered":"Tirada Tarot Familia"},"content":{"rendered":"<div data-colibri-id=\"701-c1\" class=\"style-1786 style-local-701-c1 position-relative\">\n  <!---->\n  <div data-colibri-component=\"section\" data-colibri-id=\"701-c2\" id=\"initial-content\" class=\"h-section h-section-global-spacing d-flex align-items-lg-center align-items-md-center align-items-center style-1787 style-local-701-c2 position-relative\">\n    <!---->\n    <!---->\n    <div class=\"h-section-grid-container h-section-boxed-container\">\n      <!---->\n      <div data-colibri-id=\"701-c3\" class=\"h-row-container gutters-row-lg-2 gutters-row-md-2 gutters-row-0 gutters-row-v-lg-2 gutters-row-v-md-2 gutters-row-v-2 style-1788 style-local-701-c3 position-relative\">\n        <!---->\n        <div class=\"h-row justify-content-lg-center justify-content-md-center justify-content-center align-items-lg-stretch align-items-md-stretch align-items-stretch gutters-col-lg-2 gutters-col-md-2 gutters-col-0 gutters-col-v-lg-2 gutters-col-v-md-2 gutters-col-v-2\">\n          <!---->\n          <div class=\"h-column h-column-container d-flex h-col-lg-auto h-col-md-auto h-col-auto style-1789-outer style-local-701-c4-outer\">\n            <div data-colibri-id=\"701-c4\" class=\"d-flex h-flex-basis h-column__inner h-px-lg-2 h-px-md-2 h-px-2 v-inner-lg-2 v-inner-md-2 v-inner-2 style-1789 style-local-701-c4 position-relative\">\n              <!---->\n              <!---->\n              <div class=\"w-100 h-y-container h-column__content h-column__v-align flex-basis-100 align-self-lg-start align-self-md-start align-self-start\">\n                <!---->\n                <div data-colibri-id=\"701-c16\" class=\"h-text h-text-component style-1801 style-local-701-c16 position-relative h-element\">\n                  <!---->\n                  <!---->\n                  <div class=\"\">\n                    <p><strong>Tirada de Tarot:<\/strong><\/p>\n                    <p><strong>Un V\u00ednculo Familiar a Trav\u00e9s de las Cartas<\/strong><\/p>\n                    <p>La tirada de tarot ha sido utilizada durante siglos como una herramienta para la introspecci\u00f3n y la comprensi\u00f3n profunda de diversas situaciones en la vida, incluyendo las din\u00e1micas familiares. En el contexto familiar, el tarot no\n                      solo puede revelar las tensiones ocultas y los lazos profundos que unen a sus miembros, sino que tambi\u00e9n brinda claridad sobre c\u00f3mo abordar conflictos y fortalecer relaciones.<\/p>\n                  <\/div>\n                <\/div>\n              <\/div>\n            <\/div>\n          <\/div>\n        <\/div>\n      <\/div>\n    <\/div>\n  <\/div>\n  <div data-colibri-component=\"section\" data-colibri-id=\"701-c9\" id=\"custom-2\" class=\"h-section h-section-global-spacing d-flex align-items-lg-center align-items-md-center align-items-center style-1794 style-local-701-c9 position-relative\">\n    <!---->\n    <!---->\n    <div class=\"h-section-grid-container h-section-boxed-container\">\n      <!---->\n      <div data-colibri-id=\"701-c10\" class=\"h-row-container gutters-row-lg-2 gutters-row-md-2 gutters-row-0 gutters-row-v-lg-2 gutters-row-v-md-2 gutters-row-v-2 style-1795 style-local-701-c10 position-relative\">\n        <!---->\n        <div class=\"h-row justify-content-lg-center justify-content-md-center justify-content-center align-items-lg-stretch align-items-md-stretch align-items-stretch gutters-col-lg-2 gutters-col-md-2 gutters-col-0 gutters-col-v-lg-2 gutters-col-v-md-2 gutters-col-v-2\">\n          <!---->\n          <div class=\"h-column h-column-container d-flex h-col-lg-auto h-col-md-auto h-col-auto style-1796-outer style-local-701-c11-outer\">\n            <div data-colibri-id=\"701-c11\" class=\"d-flex h-flex-basis h-column__inner h-px-lg-2 h-px-md-2 h-px-2 v-inner-lg-2 v-inner-md-2 v-inner-2 style-1796 style-local-701-c11 position-relative\">\n              <!---->\n              <!---->\n              <div class=\"w-100 h-y-container h-column__content h-column__v-align flex-basis-100 align-self-lg-start align-self-md-start align-self-start\">\n                <!---->\n                <div data-colibri-id=\"701-c19\" class=\"d-block style-1804 style-local-701-c19 position-relative h-element\">\n                  <!---->\n                  <div class=\"h-image__frame-container-outer\">\n                    <div class=\"h-image__frame-container\">\n                      <!---->\n                      <!---->\n                      <img loading=\"lazy\" decoding=\"async\" width=\"500\" height=\"500\" src=\"https:\/\/tarotcaridaddelcobre.com\/wp-content\/uploads\/2025\/10\/Copia-de-Rituales-Efectivos-1.png\" class=\"wp-image-3354 style-1804-image style-local-701-c19-image\" alt=\"\" srcset=\"https:\/\/tarotcaridaddelcobre.com\/wp-content\/uploads\/2025\/10\/Copia-de-Rituales-Efectivos-1.png 500w, https:\/\/tarotcaridaddelcobre.com\/wp-content\/uploads\/2025\/10\/Copia-de-Rituales-Efectivos-1-300x300.png 300w, https:\/\/tarotcaridaddelcobre.com\/wp-content\/uploads\/2025\/10\/Copia-de-Rituales-Efectivos-1-150x150.png 150w\" sizes=\"auto, (max-width: 500px) 100vw, 500px\" \/>\n                      <div class=\"h-image__frame h-hide-lg h-hide-md h-hide-sm style-1804-frameImage style-local-701-c19-frameImage\"><\/div>\n                    <\/div>\n                  <\/div>\n                <\/div>\n              <\/div>\n            <\/div>\n          <\/div>\n          <div class=\"h-column h-column-container d-flex h-col-lg-auto h-col-md-auto h-col-auto style-1797-outer style-local-701-c12-outer\">\n            <div data-colibri-id=\"701-c12\" class=\"d-flex h-flex-basis h-column__inner h-px-lg-2 h-px-md-2 h-px-2 v-inner-lg-2 v-inner-md-2 v-inner-2 style-1797 style-local-701-c12 position-relative\">\n              <!---->\n              <!---->\n              <div class=\"w-100 h-y-container h-column__content h-column__v-align flex-basis-100 align-self-lg-start align-self-md-start align-self-start\">\n                <!---->\n                <div data-colibri-id=\"701-c17\" class=\"h-text h-text-component style-1802 style-local-701-c17 position-relative h-element\">\n                  <!---->\n                  <!---->\n                  <div class=\"\">\n                    <p><span style=\"color: rgb(0, 10, 13); font-family: Adamina; font-size: 16px; font-weight: 400;\">Al realizar una tirada de tarot enfocada en la familia, se establece un di\u00e1logo con el subconsciente, lo que permite identificar emociones reprimidas, expectativas y deseos compartidos. Cada carta tiene su propio simbolismo y puede ser interpretada de diversas maneras, dependiendo de las circunstancias y del contexto familiar espec\u00edfico. Por ejemplo, la carta del Emperador puede representar la figura paterna o la necesidad de establecer estructuras y reglas dentro del hogar, mientras que la Emperatriz podr\u00eda reflejar la energ\u00eda maternal y la creatividad que nutre el ambiente familiar.<\/span><\/p>\n                  <\/div>\n                <\/div>\n              <\/div>\n            <\/div>\n          <\/div>\n        <\/div>\n      <\/div>\n    <\/div>\n  <\/div>\n  <div data-colibri-component=\"section\" data-colibri-id=\"701-c13\" id=\"custom-3\" class=\"h-section h-section-global-spacing d-flex align-items-lg-center align-items-md-center align-items-center style-1798 style-local-701-c13 position-relative\">\n    <!---->\n    <!---->\n    <div class=\"h-section-grid-container h-section-boxed-container\">\n      <!---->\n      <div data-colibri-id=\"701-c14\" class=\"h-row-container gutters-row-lg-2 gutters-row-md-2 gutters-row-0 gutters-row-v-lg-2 gutters-row-v-md-2 gutters-row-v-2 style-1799 style-local-701-c14 position-relative\">\n        <!---->\n        <div class=\"h-row justify-content-lg-center justify-content-md-center justify-content-center align-items-lg-stretch align-items-md-stretch align-items-stretch gutters-col-lg-2 gutters-col-md-2 gutters-col-0 gutters-col-v-lg-2 gutters-col-v-md-2 gutters-col-v-2\">\n          <!---->\n          <div class=\"h-column h-column-container d-flex h-col-lg-auto h-col-md-auto h-col-auto style-1800-outer style-local-701-c15-outer\">\n            <div data-colibri-id=\"701-c15\" class=\"d-flex h-flex-basis h-column__inner h-px-lg-2 h-px-md-2 h-px-2 v-inner-lg-2 v-inner-md-2 v-inner-2 style-1800 style-local-701-c15 position-relative\">\n              <!---->\n              <!---->\n              <div class=\"w-100 h-y-container h-column__content h-column__v-align flex-basis-100 align-self-lg-start align-self-md-start align-self-start\">\n                <!---->\n                <div data-colibri-id=\"701-c18\" class=\"h-text h-text-component style-1803 style-local-701-c18 position-relative h-element\">\n                  <!---->\n                  <!---->\n                  <div class=\"\">\n                    <p>Una tirada com\u00fan es la llamada \u201cCruz Celta\u201d, que ofrece una visi\u00f3n hol\u00edstica de la situaci\u00f3n familiar. En esta disposici\u00f3n, las cartas se colocan de manera que cada posici\u00f3n revela informaci\u00f3n espec\u00edfica: desde las influencias pasadas\n                      hasta los desaf\u00edos futuros. La primera carta puede representar la situaci\u00f3n actual de la familia, los obst\u00e1culos que enfrenta, y la \u00faltima puede mostrar el resultado potencial de estos desaf\u00edos si se eligen ciertas acciones o decisiones.<\/p>\n                    <p>Es fundamental abordar la tirada con una mente abierta y un coraz\u00f3n dispuesto a escuchar. Las revelaciones obtenidas deben tomarse como gu\u00edas y no como determinaciones absolutas. Cada miembro de la familia es un agente activo en este\n                      proceso y su voluntad de participar y reflexionar sobre las cartas puede facilitar el crecimiento y la reconciliaci\u00f3n.<\/p>\n                    <p>Adem\u00e1s, el tarot tambi\u00e9n puede ser utilizado para fomentar la comunicaci\u00f3n y la empat\u00eda entre los miembros de la familia. Al compartir las interpretaciones y reflexionar sobre ellas juntos, se pueden abrir espacios de di\u00e1logo que quiz\u00e1s\n                      antes no exist\u00edan. Esta pr\u00e1ctica no solo ayuda a lidiar con conflictos actuales, sino que tambi\u00e9n puede fortalecer los lazos afectivos, creando un ambiente m\u00e1s armonioso.<\/p>\n                    <p>En conclusi\u00f3n, la tirada de tarot aplicada a las din\u00e1micas familiares es una poderosa herramienta de autoconocimiento y conexi\u00f3n. Al utilizarla con respeto y serenidad, puede conducir a una mayor comprensi\u00f3n mutua y a un entorno familiar\n                      m\u00e1s saludable.<\/p>\n                  <\/div>\n                <\/div>\n              <\/div>\n            <\/div>\n          <\/div>\n        <\/div>\n      <\/div>\n    <\/div>\n  <\/div>\n<\/div>","protected":false},"excerpt":{"rendered":"<p>Tirada de Tarot: Un V\u00ednculo Familiar a Trav\u00e9s de las Cartas La tirada de tarot ha sido utilizada durante siglos como una herramienta para la introspecci\u00f3n y la comprensi\u00f3n profunda de diversas situaciones en la vida, incluyendo las din\u00e1micas familiares. En el contexto familiar, el tarot no solo puede revelar las tensiones ocultas y los [&hellip;]<\/p>\n","protected":false},"author":1,"featured_media":0,"parent":0,"menu_order":0,"comment_status":"closed","ping_status":"closed","template":"page-templates\/full-width-page.php","meta":{"footnotes":""},"class_list":["post-701","page","type-page","status-publish","hentry"],"_links":{"self":[{"href":"https:\/\/tarotcaridaddelcobre.com\/index.php\/wp-json\/wp\/v2\/pages\/701","targetHints":{"allow":["GET"]}}],"collection":[{"href":"https:\/\/tarotcaridaddelcobre.com\/index.php\/wp-json\/wp\/v2\/pages"}],"about":[{"href":"https:\/\/tarotcaridaddelcobre.com\/index.php\/wp-json\/wp\/v2\/types\/page"}],"author":[{"embeddable":true,"href":"https:\/\/tarotcaridaddelcobre.com\/index.php\/wp-json\/wp\/v2\/users\/1"}],"replies":[{"embeddable":true,"href":"https:\/\/tarotcaridaddelcobre.com\/index.php\/wp-json\/wp\/v2\/comments?post=701"}],"version-history":[{"count":0,"href":"https:\/\/tarotcaridaddelcobre.com\/index.php\/wp-json\/wp\/v2\/pages\/701\/revisions"}],"wp:attachment":[{"href":"https:\/\/tarotcaridaddelcobre.com\/index.php\/wp-json\/wp\/v2\/media?parent=701"}],"curies":[{"name":"wp","href":"https:\/\/api.w.org\/{rel}","templated":true}]}}